{"id":95153,"date":"2023-01-04T20:20:03","date_gmt":"2023-01-04T19:20:11","guid":{"rendered":"https:\/\/www.panapufa.com\/?post_type=product&#038;p=95153"},"modified":"2023-01-16T11:29:05","modified_gmt":"2023-01-16T10:29:05","slug":"merino-pompom-scarf-copy-2","status":"publish","type":"product","link":"https:\/\/www.panapufa.com\/pl\/sklep\/akcesoria\/szaliki\/merino-pompom-scarf-copy-2","title":{"rendered":"Merino kolorowy szal z grubej w\u0119\u0142ny"},"content":{"rendered":"<p>MATERIA\u0141 NAJWY\u017bSZEJ JAKO\u015aCI<br \/>\nOrganiczna we\u0142na merynosa australijskiego jako materia\u0142 naturalny, nie uczula, jest przemi\u0142a w dotyku i bardzo ciep\u0142a. O jej wyj\u0105tkowych w\u0142a\u015bciwo\u015bciach termicznych przeczytasz tutaj:<br \/>\nhttps:\/\/www.panaPleciona Pufaa.com\/pl\/dlaczego-wybrac-welne-merino?v=9b7d173b068d<\/p>\n<p>Nasza we\u0142na Merino posiada certyfikat GOTS dla produkt\u00f3w organicznych oraz GRS dla produkt\u00f3w biodegradowalnych. Ponadto pozyskiwana jest w spos\u00f3b przyjazny dla zwierz\u0105t.<\/p>\n<p>ROZMIAR \/ KOLOR<br \/>\nWymiary: 290\u00d725 cm<br \/>\nWybierz ulubiony kolor i napisz go w uwagach do zam\u00f3wienia.<br \/>\nPami\u0119taj, \u017ce mocny, intensywny kolor doda Ci energii podczas szarych zimowych dni.<\/p>\n<p>UNIKATOWY PREZENT<br \/>\nNasza we\u0142niana kamizelka wykonana na drutach w grubym splocie b\u0119dzie wyj\u0105tkowym podarunkiem dla samej siebie lub te\u017c prezentem niespodziank\u0105 dla ukochanej osoby.<\/p>\n","protected":false},"excerpt":{"rendered":"<p><strong>Szukasz idealnego szalika, wykonanego z 100% najlepszych jako\u015bciowo naturalnych materia\u0142\u00f3w, w kt\u00f3rym zawsze b\u0119dziesz wygl\u0105da\u0107 sza\u0142owo? A mo\u017ce potrzebny Ci unikatowy prezent \u015bwi\u0105teczny dla najbli\u017cszych, co\u015b czego na pewno jeszcze nie maj\u0105?<\/strong><\/p>\n<p>Produkt, kt\u00f3ry w\u0142a\u015bnie ogl\u0105dasz &#8211; TO NIE jest zwyk\u0142y szalik, ale absolutny HIT w trendach modowych w najwy\u017cszej jako\u015bci.<\/p>\n<p>Nie potrzebujesz nic wi\u0119cej, by wygl\u0105da\u0107 sza\u0142owo &#8211; za\u0142o\u017cysz go do eleganckiej sukienki, jeans\u00f3w i dres\u00f3w.<br \/>\nCiep\u0142y, zimowy szalik otuli Ci\u0119 i sprawi, \u017ce poczujesz si\u0119 wyj\u0105tkowo.<\/p>\n<p>Modny, kolorowy szalik z naszej nowej kolekcji wykonany jest r\u0119cznie na drutach z najbardziej delikatnej, organicznej we\u0142ny merino jak\u0105 kiedykolwiek dotyka\u0142e\u015b.<br \/>\nAksamitna mi\u0119kko\u015b\u0107 materia\u0142u, a tak\u017ce fakt, \u017ce jest to 100% naturalny surowiec, sprawi, \u017ce b\u0119dzie to ukochana cz\u0119\u015b\u0107 Twojej garderoby na lata.<br \/>\nWe\u0142na jako materia\u0142 naturalny, nie uczula, jest przemi\u0142a w dotyku i bardzo ciep\u0142a.<\/p>\n<ul>\n<strong>Wybieraj\u0105c nasz szalik merino zyskujesz:<\/strong><\/p>\n<li>ukochany szal na lata wykonan\u0105 z certyfikowanych materia\u0142\u00f3w najwy\u017cszej jako\u015bci\n<li>poczucie luksusu i komfortu przez ca\u0142y dzie\u0144\n<li>oryginalny, niepowtarzalny outfit, kt\u00f3ry doda Ci pewno\u015bci siebie\n<li>dbasz o zdrowie swoje i planety Ziemi wybieraj\u0105c \u015bwiadomie materia\u0142y 100% naturalne i lokaln\u0105 produkcj\u0119, kt\u00f3ra szanuje prawa zwierz\u0105t<\/li>\n<\/ul>\n<p>GOTOWY DO WYSY\u0141KI &#8211; tylko 1 sztuka<\/p>\n","protected":false},"featured_media":94510,"comment_status":"open","ping_status":"closed","template":"","meta":[],"product_cat":[1411,1441,2429],"product_tag":[],"_links":{"self":[{"href":"https:\/\/www.panapufa.com\/pl\/wp-json\/wp\/v2\/product\/95153"}],"collection":[{"href":"https:\/\/www.panapufa.com\/pl\/wp-json\/wp\/v2\/product"}],"about":[{"href":"https:\/\/www.panapufa.com\/pl\/wp-json\/wp\/v2\/types\/product"}],"replies":[{"embeddable":true,"href":"https:\/\/www.panapufa.com\/pl\/wp-json\/wp\/v2\/comments?post=95153"}],"wp:featuredmedia":[{"embeddable":true,"href":"https:\/\/www.panapufa.com\/pl\/wp-json\/wp\/v2\/media\/94510"}],"wp:attachment":[{"href":"https:\/\/www.panapufa.com\/pl\/wp-json\/wp\/v2\/media?parent=95153"}],"wp:term":[{"taxonomy":"product_cat","embeddable":true,"href":"https:\/\/www.panapufa.com\/pl\/wp-json\/wp\/v2\/product_cat?post=95153"},{"taxonomy":"product_tag","embeddable":true,"href":"https:\/\/www.panapufa.com\/pl\/wp-json\/wp\/v2\/product_tag?post=95153"}],"curies":[{"name":"wp","href":"https:\/\/api.w.org\/{rel}","templated":true}]}}