{"id":94695,"date":"2023-01-03T18:16:29","date_gmt":"2023-01-03T17:16:30","guid":{"rendered":"https:\/\/www.panapufa.com\/?post_type=product&#038;p=94695"},"modified":"2024-09-10T20:59:45","modified_gmt":"2024-09-10T18:59:45","slug":"dlugi-welniany-kardigan-z-warkoczem-z-welny-alpaki","status":"publish","type":"product","link":"https:\/\/www.panapufa.com\/pl\/sklep\/chunky-knitwear\/premium-organic-merino-sweaters\/dlugi-welniany-kardigan-z-warkoczem-z-welny-alpaki","title":{"rendered":"D\u0142ugi Kardigan z we\u0142ny merynosa"},"content":{"rendered":"<p><br data-mce-bogus=\"1\"><\/p>\n","protected":false},"excerpt":{"rendered":"<p>D\u0142ugi we\u0142niany p\u0142aszcz kardigan z 100% we\u0142ny merynosa wykonany zosta\u0142 r\u0119cznie na drutach.<br \/>\nNasz sweter jest niezwykle mi\u0119kki i delikatny dla sk\u00f3ry gwarantuj\u0105c doskona\u0142y komfort noszenia.<br \/>\nMo\u017cesz go nosi\u0107 ka\u017cd\u0105 por\u0105, do sukienki lub ulubionych jeans\u00f3w.<br \/>\nU\u017cywamy materia\u0142\u00f3w naturalnych i przyjaznych dla \u015brodowiska.<br \/>\nIdealny sweter na \u015blubn\u0105 sesj\u0119 zdj\u0119ciow\u0105.<br \/>\nIdealny dodatek do sukni \u015blubnej w stylu Boho.<\/p>\n<p>ROZMIAR M\/L, modelka ma 178 cm wzrostu<br \/>\nSzer.: 60 cm<br \/>\nSzer. r\u0119kawa: 22 cm<br \/>\nd\u0142.: 100 cm<br \/>\nD\u0142. r\u0119kawa: 40 cm<\/p>\n","protected":false},"featured_media":94907,"comment_status":"open","ping_status":"closed","template":"","meta":[],"product_cat":[1628],"product_tag":[],"_links":{"self":[{"href":"https:\/\/www.panapufa.com\/pl\/wp-json\/wp\/v2\/product\/94695"}],"collection":[{"href":"https:\/\/www.panapufa.com\/pl\/wp-json\/wp\/v2\/product"}],"about":[{"href":"https:\/\/www.panapufa.com\/pl\/wp-json\/wp\/v2\/types\/product"}],"replies":[{"embeddable":true,"href":"https:\/\/www.panapufa.com\/pl\/wp-json\/wp\/v2\/comments?post=94695"}],"wp:featuredmedia":[{"embeddable":true,"href":"https:\/\/www.panapufa.com\/pl\/wp-json\/wp\/v2\/media\/94907"}],"wp:attachment":[{"href":"https:\/\/www.panapufa.com\/pl\/wp-json\/wp\/v2\/media?parent=94695"}],"wp:term":[{"taxonomy":"product_cat","embeddable":true,"href":"https:\/\/www.panapufa.com\/pl\/wp-json\/wp\/v2\/product_cat?post=94695"},{"taxonomy":"product_tag","embeddable":true,"href":"https:\/\/www.panapufa.com\/pl\/wp-json\/wp\/v2\/product_tag?post=94695"}],"curies":[{"name":"wp","href":"https:\/\/api.w.org\/{rel}","templated":true}]}}