{"id":88678,"date":"2022-09-08T19:31:12","date_gmt":"2022-09-08T17:31:12","guid":{"rendered":"https:\/\/www.panapufa.com\/?post_type=product&#038;p=88678"},"modified":"2023-02-09T13:36:22","modified_gmt":"2023-02-09T12:36:22","slug":"kamizelka-marshmallow-merino-copy-2","status":"publish","type":"product","link":"https:\/\/www.panapufa.com\/pl\/sklep\/swetry-welniane\/swetry-merino\/kamizelka-marshmallow-merino-copy-2","title":{"rendered":"Kamizelka We\u0142niana Merino Marshmallow"},"content":{"rendered":"","protected":false},"excerpt":{"rendered":"<p>Kolorowa, d\u0142uga kamizelka oversize zosta\u0142a wykonana na drutach z grubej,  organicznej we\u0142ny merynos\u00f3w.<br \/>\nWe\u0142na jako materia\u0142 naturalny, nie uczula, jest przemi\u0142a w dotyku i bardzo ciep\u0142a.<br \/>\nImponuj\u0105cy w swych rozmiarach i unikalnym grubym splocie sweter ogrzeje Ci\u0119, dbaj\u0105c jednocze\u015bnie o Tw\u00f3j oryginalny wizerunek.<br \/>\nIdealne rozwi\u0105zanie na por\u0119 przej\u015bciow\u0105, wiosenn\u0105.<br \/>\nCzas oczekiwania ok.10-14 dni.<\/p>\n<p>&nbsp;<\/p>\n","protected":false},"featured_media":86894,"comment_status":"open","ping_status":"closed","template":"","meta":[],"product_cat":[1629,2429],"product_tag":[],"_links":{"self":[{"href":"https:\/\/www.panapufa.com\/pl\/wp-json\/wp\/v2\/product\/88678"}],"collection":[{"href":"https:\/\/www.panapufa.com\/pl\/wp-json\/wp\/v2\/product"}],"about":[{"href":"https:\/\/www.panapufa.com\/pl\/wp-json\/wp\/v2\/types\/product"}],"replies":[{"embeddable":true,"href":"https:\/\/www.panapufa.com\/pl\/wp-json\/wp\/v2\/comments?post=88678"}],"wp:featuredmedia":[{"embeddable":true,"href":"https:\/\/www.panapufa.com\/pl\/wp-json\/wp\/v2\/media\/86894"}],"wp:attachment":[{"href":"https:\/\/www.panapufa.com\/pl\/wp-json\/wp\/v2\/media?parent=88678"}],"wp:term":[{"taxonomy":"product_cat","embeddable":true,"href":"https:\/\/www.panapufa.com\/pl\/wp-json\/wp\/v2\/product_cat?post=88678"},{"taxonomy":"product_tag","embeddable":true,"href":"https:\/\/www.panapufa.com\/pl\/wp-json\/wp\/v2\/product_tag?post=88678"}],"curies":[{"name":"wp","href":"https:\/\/api.w.org\/{rel}","templated":true}]}}