{"id":88123,"date":"2022-09-08T10:00:24","date_gmt":"2022-09-08T08:00:51","guid":{"rendered":"https:\/\/www.panapufa.com\/?post_type=product&#038;p=88123"},"modified":"2024-01-21T14:42:12","modified_gmt":"2024-01-21T13:42:12","slug":"dywan-mosha-copy-3","status":"publish","type":"product","link":"https:\/\/www.panapufa.com\/pl\/sklep\/outlet-pl\/home-pl\/dywan-mosha-copy-3","title":{"rendered":"Okr\u0105g\u0142y We\u0142niany Dywan Mosha 80cm"},"content":{"rendered":"","protected":false},"excerpt":{"rendered":"<p>Jedyny w swoim rodzaju, mi\u0119kki dywan zosta\u0142 wykonany r\u0119cznie z grubej zfilcowanej we\u0142ny.<br \/>\nDywan ma inny wz\u00f3r po obu stronach i mo\u017ce by\u0107 u\u017cywany zamiennie.<br \/>\nDoskonale ociepli nowoczesne wn\u0119trze, udekoruje sypialni\u0119 w stylu skandynawskim lub wkomponuje si\u0119 w klimat g\u00f3ralskiej chaty. We\u0142na jako materia\u0142 naturalny nie uczula, jest mi\u0142a w dotyku i bardzo ciep\u0142a.<\/p>\n<p>Idealny jako prezent na Dzie\u0144 Matki, urodzinowy podarunek lub \u015blubna pami\u0105tka.<\/p>\n<p>Na zdj\u0119ciu kolor MARENGO fi 80 cm gotowy do wysy\u0142ki<\/p>\n","protected":false},"featured_media":96632,"comment_status":"open","ping_status":"closed","template":"","meta":[],"product_cat":[3091],"product_tag":[],"_links":{"self":[{"href":"https:\/\/www.panapufa.com\/pl\/wp-json\/wp\/v2\/product\/88123"}],"collection":[{"href":"https:\/\/www.panapufa.com\/pl\/wp-json\/wp\/v2\/product"}],"about":[{"href":"https:\/\/www.panapufa.com\/pl\/wp-json\/wp\/v2\/types\/product"}],"replies":[{"embeddable":true,"href":"https:\/\/www.panapufa.com\/pl\/wp-json\/wp\/v2\/comments?post=88123"}],"wp:featuredmedia":[{"embeddable":true,"href":"https:\/\/www.panapufa.com\/pl\/wp-json\/wp\/v2\/media\/96632"}],"wp:attachment":[{"href":"https:\/\/www.panapufa.com\/pl\/wp-json\/wp\/v2\/media?parent=88123"}],"wp:term":[{"taxonomy":"product_cat","embeddable":true,"href":"https:\/\/www.panapufa.com\/pl\/wp-json\/wp\/v2\/product_cat?post=88123"},{"taxonomy":"product_tag","embeddable":true,"href":"https:\/\/www.panapufa.com\/pl\/wp-json\/wp\/v2\/product_tag?post=88123"}],"curies":[{"name":"wp","href":"https:\/\/api.w.org\/{rel}","templated":true}]}}