{"id":59476,"date":"2018-12-04T21:52:19","date_gmt":"2018-12-04T21:52:19","guid":{"rendered":"https:\/\/www.panapufa.com\/product\/chunky-beanie-melange"},"modified":"2018-12-04T21:52:19","modified_gmt":"2018-12-04T21:52:19","slug":"chunky-beanie-melange","status":"publish","type":"product","link":"https:\/\/www.panapufa.com\/pl\/sklep\/meble\/chunky-beanie-melange","title":{"rendered":"Chunky Beanie Melange"},"content":{"rendered":"","protected":false},"excerpt":{"rendered":"<p>Unikatowa czapka wykonana zosta\u0142a r\u0119cznie na grubych drutach z czystej \u017cywej we\u0142ny owczej. Unikalny gruby splot i w pe\u0142ni naturalny materia\u0142 ogrzeje Ci\u0119 w najsro\u017csze mrozy dbaj\u0105c jednocze\u015bnie o Tw\u00f3j oryginalny wizerunek.<br \/>Dost\u0119pna w r\u00f3\u017cnych kolorach!\u00a0\u00a0<\/p>\n","protected":false},"featured_media":42498,"comment_status":"open","ping_status":"closed","template":"","meta":[],"product_cat":[3216],"product_tag":[],"_links":{"self":[{"href":"https:\/\/www.panapufa.com\/pl\/wp-json\/wp\/v2\/product\/59476"}],"collection":[{"href":"https:\/\/www.panapufa.com\/pl\/wp-json\/wp\/v2\/product"}],"about":[{"href":"https:\/\/www.panapufa.com\/pl\/wp-json\/wp\/v2\/types\/product"}],"replies":[{"embeddable":true,"href":"https:\/\/www.panapufa.com\/pl\/wp-json\/wp\/v2\/comments?post=59476"}],"wp:featuredmedia":[{"embeddable":true,"href":"https:\/\/www.panapufa.com\/pl\/wp-json\/wp\/v2\/media\/42498"}],"wp:attachment":[{"href":"https:\/\/www.panapufa.com\/pl\/wp-json\/wp\/v2\/media?parent=59476"}],"wp:term":[{"taxonomy":"product_cat","embeddable":true,"href":"https:\/\/www.panapufa.com\/pl\/wp-json\/wp\/v2\/product_cat?post=59476"},{"taxonomy":"product_tag","embeddable":true,"href":"https:\/\/www.panapufa.com\/pl\/wp-json\/wp\/v2\/product_tag?post=59476"}],"curies":[{"name":"wp","href":"https:\/\/api.w.org\/{rel}","templated":true}]}}